{"id":1078,"date":"2023-01-24T19:17:03","date_gmt":"2023-01-24T17:17:03","guid":{"rendered":"https:\/\/elitemedicale.ro\/?page_id=1078"},"modified":"2025-06-01T11:04:51","modified_gmt":"2025-06-01T08:04:51","slug":"politica-cookies","status":"publish","type":"page","link":"https:\/\/elitemedicale.ro\/en\/politica-cookies\/","title":{"rendered":"Politica cookies"},"content":{"rendered":"<div data-elementor-type=\"wp-page\" data-elementor-id=\"1078\" class=\"elementor elementor-1078\" data-elementor-post-type=\"page\">\n\t\t\t\t\t\t<section class=\"elementor-section elementor-top-section elementor-element elementor-element-cf001e6 elementor-section-boxed elementor-section-height-default elementor-section-height-default\" data-id=\"cf001e6\" data-element_type=\"section\" data-e-type=\"section\" data-settings=\"{&quot;background_background&quot;:&quot;classic&quot;}\">\n\t\t\t\t\t\t\t<div class=\"elementor-background-overlay\"><\/div>\n\t\t\t\t\t\t\t<div class=\"elementor-container elementor-column-gap-default\">\n\t\t\t\t\t<div class=\"elementor-column elementor-col-100 elementor-top-column elementor-element elementor-element-404739b\" data-id=\"404739b\" data-element_type=\"column\" data-e-type=\"column\">\n\t\t\t<div class=\"elementor-widget-wrap elementor-element-populated\">\n\t\t\t\t\t\t<div class=\"elementor-element elementor-element-5dfe33f elementor-widget elementor-widget-heading\" data-id=\"5dfe33f\" data-element_type=\"widget\" data-e-type=\"widget\" data-widget_type=\"heading.default\">\n\t\t\t\t<div class=\"elementor-widget-container\">\n\t\t\t\t\t<h2 class=\"elementor-heading-title elementor-size-default\">Politica cookies<\/h2>\t\t\t\t<\/div>\n\t\t\t\t<\/div>\n\t\t\t\t\t<\/div>\n\t\t<\/div>\n\t\t\t\t\t<\/div>\n\t\t<\/section>\n\t\t<div class=\"elementor-element elementor-element-1029546 e-flex e-con-boxed e-con e-parent\" data-id=\"1029546\" data-element_type=\"container\" data-e-type=\"container\">\n\t\t\t\t\t<div class=\"e-con-inner\">\n\t\t\t\t<div class=\"elementor-element elementor-element-08bab93 elementor-widget elementor-widget-text-editor\" data-id=\"08bab93\" data-element_type=\"widget\" data-e-type=\"widget\" data-widget_type=\"text-editor.default\">\n\t\t\t\t<div class=\"elementor-widget-container\">\n\t\t\t\t\t\t\t\t\t<p><b>Introducere<\/b><\/p><p>Prezenta politic\u0103 privind fi\u015fierele cookies se aplic\u0103 tuturor utilizatorilor paginii de internet elitemedicale.ro. Informa\u0163iile prezentate \u00een continuare au ca scop informarea utilizatorilor acestei pagini de internet cu privire la plasarea, utilizarea \u015fi administrarea cookie-urilor de c\u0103tre Transilvania Multimedia SRL \u00een contextul navig\u0103rii utilizatorilor pe aceast\u0103 pagin\u0103 de internet.<\/p><p><b>Ce sunt cookie-urile?<\/b><\/p><p>Folosim termenul \u201ecookie\u201d- uri pentru a ne referi la modulele cookie \u015fi la tehnologiile similare prin intermediul c\u0103rora pot fi colectate informa\u0163ii \u00een mod automat.<\/p><p>Un \u201eInternet Cookie\u201d (termen cunoscut \u015fi sub denumirea de \u201ebrowser cookie\u201d sau \u201eHTTP cookie\u201d ori \u201ecookie\u201d) reprezint\u0103 un fi\u015fier de mici dimensiuni, format din litere \u015fi numere, care va fi stocat pe computerul, terminalul mobil sau pe alte echipamente ale unui utilizator prin intermediul c\u0103rora se acceseaz\u0103 internetul.<\/p><p>Cookie-urile sunt instalate prin solicitarea emis\u0103 de un web-server c\u0103tre un browser (de ex.: Safari, Firefox, Chrome).<\/p><p>Cookie-urile odat\u0103 instalate au o durat\u0103 de existen\u0163\u0103 determinat\u0103, r\u0103m\u00e2n\u00e2nd \u201epasive\u201d, \u00een sensul c\u0103 nu con\u0163in programe software, viru\u015fi sau spyware \u015fi nu vor accesa informa\u0163iile de pe hard drive-ul echipamentului pe care au fost instalate.<\/p><p>Un cookie este format din dou\u0103 p\u0103r\u0163i: numele cookie-ului \u015fi con\u0163inutul sau valoarea cookie-ului.<\/p><p>Din punct de vedere tehnic, doar web-serverul care a trimis cookie-ul \u00eel poate accesa din nou \u00een momentul \u00een care un utilizator se \u00eentoarce pe pagina de internet asociat\u0103 web-server-ului respectiv.<\/p><p>Pentru ce scopuri sunt utilizate cookie-urile prin intermediul acestei pagini de internet:<\/p><p>Cookie-urile sunt utilizate pentru a furniza utilizatorilor acestei pagini de internet o experien\u0163\u0103 mai bun\u0103 de navigare \u015fi servicii adaptate nevoilor \u015fi interesului fiec\u0103rui utilizator \u00een parte \u015fi anume pentru:<\/p><p>\u2013 \u00eembun\u0103t\u0103\u0163irea utiliz\u0103rii acestei pagini de internet, inclusiv prin identificarea oric\u0103ror erori care apar \u00een timpul vizit\u0103rii acesteia de c\u0103tre utilizatori;<\/p><p>\u2013 furnizarea de statistici anonime cu privire la modul \u00een care este utilizat\u0103 aceast\u0103 pagin\u0103 de internet c\u0103tre Transilvania Multimedia SRL, \u00een calitate de de\u0163in\u0103tor al acestei pagini de internet;<\/p><p>\u2013 anticiparea unor eventuale bunuri care vor fi \u00een viitor puse la dispozi\u0163ia utilizatorilor prin intermediul acestei pagini de internet, \u00een func\u0163ie de serviciile\/ produsele accesate.<\/p><p>Pe baza feedback-ului transmis prin cookie-uri \u00een leg\u0103tur\u0103 cu modul \u00een care se utilizeaz\u0103 aceast\u0103 pagin\u0103 de internet, Transilvania Multimedia SRL poate adopta m\u0103suri pentru ca aceast\u0103 pagina de internet s\u0103 fie mai eficient\u0103 \u015fi mai accesibil\u0103 pentru utilizatori.<\/p><p>Astfel, utilizarea cookie-urilor permite memorarea anumitor set\u0103ri\/ preferin\u0163e stabilite de c\u0103tre utilizatorii acestei pagini de internet, precum:<\/p><p>\u2013 limba \u00een care este vizualizat\u0103 o pagin\u0103 de internet;<\/p><p>\u2013 moneda \u00een care se exprim\u0103 anumite pre\u0163uri sau tarife;<\/p><p>\u2013 facilitarea accesului \u00een contul utilizatorului;<\/p><p>\u2013 postarea comentariilor pe site.<\/p><p><b>Care este durata de via\u0163\u0103 a cookie-urilor?<\/b><\/p><p>Durata de via\u0163\u0103 a cookie-urilor poate varia semnificativ, depinz\u00e2nd de scopul pentru care este plasat. Exist\u0103 urm\u0103toarele categorii de cookie-uri care determin\u0103 \u015fi durata de via\u0163\u0103 a acestora:<\/p><p>Cookie-uri de sesiune \u2013 Un \u201ecookie de sesiune\u201d este un cookie care este \u015fters automat c\u00e2nd utilizatorul \u00ee\u015fi \u00eenchide browser-ul.<\/p><p>Cookie-uri persistente sau fixe \u2013 Un \u201ecookie persistent\u201d sau \u201efix\u201d este un cookie care ram\u00e2ne stocat \u00een terminalul utilizatorului p\u00e2n\u0103 cand atinge o anumit\u0103 dat\u0103 de expirare (care poate fi \u00een cateva minute, zile sau c\u00e2tiva ani \u00een viitor) sau p\u00e2n\u0103 la \u015ftegerea acestuia de c\u0103tre utilizator \u00een orice moment prin intermediul set\u0103rilor browser-ului.<\/p><p><b>Ce sunt cookie-urile plasate de ter\u0163i?<\/b><\/p><p>Anumite sec\u0163iuni de con\u0163inut de pe pagina de internet pot fi furnizate prin intermediul unor ter\u0163i, adic\u0103 nu de c\u0103tre Transilvania Multimedia SRL, caz \u00een care aceste cookie-uri sunt denumite cookie-uri plasate de ter\u0163i (\u201ethird party cookies\u201d).<\/p><p>Ter\u0163ii furnizori ai cookie-urilor trebuie s\u0103 respecte, de asemenea, regulile \u00een materie de protec\u0163ie a datelor cu caracter personal (EU GDPR) \u015fi Politica de Confiden\u0163ialitate disponibil\u0103 pe aceasta pagin\u0103 de internet.<\/p><p>Aceste cookie-uri pot proveni de la urm\u0103torii ter\u0163i: Google Analytics, Facebook etc.<\/p><p><b>Ce cookie-uri sunt folosite prin intermediul acestei pagini de internet?<\/b><\/p><p>Prin utilizarea\/ vizitarea paginii de internet pot fi plasate urm\u0103toarele cookie-uri:<\/p><p><strong>Cookie-uri de performan\u0163\u0103.<\/strong><\/p><p>Prin acest tip de cookie-uri sunt memorate preferin\u0163ele utilizatorului acestei pagini de internet, astfel \u00eenc\u00e2t setarea din nou a preferin\u0163elor \u00een cazul vizit\u0103rii ulterioare a paginii de internet nu mai este necesar\u0103.<\/p><p><strong>Cookie-uri de analiz\u0103 a utilizatorilor<\/strong><\/p><p>Aceste cookie-uri ne informeaz\u0103 dac\u0103 un anumit utilizator al paginii de internet a mai vizitat\/ utilizat aceast\u0103 pagin\u0103 de internet anterior. Aceste cookie-uri sunt utilizate doar \u00een scopuri statistice.<\/p><p><strong>Cookie-uri pentru geotargeting<\/strong><\/p><p>Aceste cookie-uri sunt utilizate de c\u0103tre un soft care stabile\u015fte \u0163ara de provenien\u0163\u0103 a utilizatorului paginii de internet. Vor fi primite acelea\u015fi reclame, indiferent de limba selectat\u0103.<\/p><p><strong>Cookie-uri pentru \u00eenregistrare<\/strong><\/p><p>Atunci c\u00e2nd v\u0103 \u00eenregistra\u0163i pe acest site, se genereaz\u0103 cookie-uri care memoreaz\u0103 acest demers. Serverele utilizeaz\u0103 aceste cookie-uri pentru a ne ar\u0103ta contul cu care sunte\u0163i \u00eenregistrat.<\/p><p>De asemenea, utilizarea acestor cookie-uri permite s\u0103 asociem orice comentariu postat pe pagina de internet cu username-ul contului folosit. \u00cen cazul \u00een care nu a fost selectat\u0103 op\u0163iunea \u201eP\u0103streaz\u0103-m\u0103 \u00eenregistrat\u201d, aceste cookie-uri se vor \u015fterge automat la momentul termin\u0103rii sesiunii de navigare.<\/p><p><strong>Cookie-uri pentru publicitate<\/strong><\/p><p>Aceste cookie-uri permit aflarea vizualiz\u0103rii de c\u0103tre un utilizator a unei reclame online, tipul acesteia \u015fi timpul scurs de la momentul vizualiz\u0103rii respectviului mesaj publicitar.<\/p><p>Ca atare, astfel de cookie-uri sunt folosite pentru targetarea publicit\u0103\u0163ii online.<\/p><p>Aceste cookie-uri sunt anonime, stocand informa\u0163ii despre con\u0163inutul vizualizat, \u00eens\u0103 nu \u015fi despre utilizatori.<\/p><p><b>Ce tip de informa\u0163ii sunt stocate \u015fi accesate prin intermediul cookie-urilor?<\/b><\/p><p>Cookie-urile p\u0103streaz\u0103 informa\u0163ii \u00eentr-un fi\u015fier text de mici dimensiuni care permit recunoasterea browser-ului. Aceast\u0103 pagina de internet recunoa\u015fte browser-ul p\u00e2n\u0103 c\u00e2nd cookie-urile expir\u0103 sau sunt \u015fterse.<\/p><p><b>De ce sunt cookie-urile importante pentru Internet?<\/b><\/p><p>Cookie-urile reprezinta\u0306 punctul central al funct\u0327iona\u0306rii eficiente a Internetului, ajuta\u0302nd la generarea unei experient\u0327e de navigare prietenoase s\u0327i adaptata\u0306 preferint\u0327elor s\u0327i intereselor fieca\u0306rui utilizator.<\/p><p>Refuzarea sau dezactivarea cookie-urilor poate face unele website-uri imposibil de folosit.<\/p><p>Refuzarea sau dezactivarea cookie-urilor nu i\u0302nseamna ca\u0306 utilizatorul nu va mai primi publicitate online \u2013 ci doar ca\u0306 aceasta nu va mai putea t\u0327ine cont de preferint\u0327ele s\u0327i interesele utilizatorului, evident\u0327iate prin comportamentul de navigare.<\/p><p>Exemple de i\u0302ntrebuint\u0327a\u0306ri importante ale cookie-urilor (care nu necesita\u0306 autentificarea unui utilizator prin intermediul unui cont):<\/p><p>\u25aa cont\u0327inut s\u0327i servicii adaptate preferint\u0327elor utilizatorului \u2013 categorii de s\u0327tiri, vreme, sport, ha\u0306rt\u0327i, servicii publice s\u0327i guvernamentale, website-uri distractive s\u0327i servicii de turism;<\/p><p>\u25aa oferteadaptatepeintereseleutilizatorilor\u2013ret\u0327inereaparolelor,preferint\u0327elorde limba\u0306 (ex.: afis\u0327area rezultatelor ca\u0306uta\u0306rilor i\u0302n limba roma\u0302na\u0306)<\/p><p>\u25aa ret\u0327inerea filtrelor de protect\u0327ie a copiilor privind cont\u0327inutul pe Internet (opt\u0327iuni family mode, funct\u0327ii de safe search);<\/p><p>\u25aa ma\u0306surarea,optimizarea s\u0327i caracteristicile de analytics, cum ar fi: confirmarea unui anumit nivel de trafic pe un website, ce tip de cont\u0327inut este vizualizat s\u0327i modul cum un utilizator ajunge pe un website (ex. prin motoare de ca\u0306utare, direct, din alte website-uri etc.). Det\u0327ina\u0306torii website-urilor deruleaza\u0306 aceste analize pentru a perfect\u0327iona website-urile, i\u0302n beneficiul utilizatorilor.<\/p><p><b>Particularizarea set\u0103rilor browser-ului \u00een ceea ce prive\u015fte cookie-urile<\/b><\/p><p>\u00cen cazul \u00een care utilizarea cookie-urilor nu este deranjant\u0103 iar calculatorul sau echipamentul tehnic utilizat pentru navigarea pe aceast\u0103 pagina de internet este folosit doar de c\u0103tre dumneavoastr\u0103, pot fi setate termene lungi de expirare pentru stocarea istoricului de navigare.<\/p><p>\u00cen cazul \u00een care calculatorul sau echipamentul tehnic utilizat pentru navigarea pe aceast\u0103 pagina de internet este folosit de mai multe persoane, poate fi luat\u0103 \u00een considerare setarea pentru \u015ftergerea datelor individuale de navigare de fiecare dat\u0103 c\u00e2nd browser-ul este \u00eenchis.<\/p><p><b>Securitate si probleme legate de confident\u0327ialitate<\/b><\/p><p>Cookie-urile NU sunt virus\u0327i! Ele folosesc formate tip plain text. Nu sunt alca\u0306tuite din buca\u0306t\u0327i de cod, as\u0327a ca\u0306 nu pot fi executate, nici nu pot rula i\u0302n mod automat.<\/p><p>I\u0302n consecint\u0327a\u0306, nu se pot duplica sau replica pe alte ret\u0327ele pentru a rula sau a se replica din nou. Deoarece nu pot i\u0302ndeplini aceste funct\u0327ii, nu pot fi considerate virus\u0327i.<\/p><p>Cookie-urile pot fi, totus\u0327i, folosite pentru scopuri negative. Deoarece stocheaza\u0306 informat\u0327ii despre preferint\u0327ele s\u0327i istoricul de navigare al utilizatorilor, ata\u0302t pe un anume website ca\u0302t s\u0327i pe alte website-uri, cookie-urile pot fi folosite ca o forma\u0306 de Spyware.<\/p><p>Multe produse anti-spyware sunt cons\u0327tiente de acest fapt s\u0327i, i\u0302n mod constant, marcheaza\u0306 cookie-urile pentru a fi s\u0327terse, i\u0302n cadrul procedurilor de s\u0327tergere\/scanare anti-virus\/anti-spyware.<\/p><p>I\u0302n general, browserele au integrate reglaje de confident\u0327ialitate, care furnizeaza\u0306 diferite nivele de acceptare a cookie-urilor, perioada de valabilitate s\u0327i s\u0327tergere automata\u0306 dupa\u0306 ce utilizatorul a vizitat un anumit site.<\/p><p>Deoarece protect\u0327ia identita\u0306t\u0327ii este foarte valoroasa\u0306 s\u0327i reprezinta\u0306 dreptul fieca\u0306rui utilizator de Internet, este indicat sa\u0306 se s\u0327tie ce eventuale probleme pot crea cookie-urile. Pentru ca\u0306 prin intermediul lor se transmit i\u0302n mod constant, i\u0302n ambele sensuri,<\/p><p>informat\u0327ii i\u0302ntre browser s\u0327i website, daca\u0306 un atacator sau persoana\u0306 neautorizata\u0306 intervine i\u0302n parcursul de transmitere a datelor, informat\u0327iile cont\u0327inute de cookie pot fi interceptate.<\/p><p>Des\u0327i foarte rar, acest lucru se poate i\u0302nta\u0302mpla daca\u0306 browserul se conecteaza\u0306 la server folosind o ret\u0327ea necriptata\u0306 (ex.: o ret\u0327ea WiFi nesecurizata\u0306).<\/p><p>Alte atacuri bazate pe cookie implica\u0306 reglaje gres\u0327ite ale cookie-urilor pe webservere.<\/p><p>Daca\u0306 un website nu solicita\u0306 browserului sa\u0306 foloseasca\u0306 doar canale criptate, atacatorii pot folosi aceasta vulnerabilitate pentru a pa\u0306ca\u0306li browserele i\u0302n a trimite informat\u0327ii prin intermediul canalelor nesecurizate. Atacatorii utilizeaza\u0306 apoi informat\u0327iile cu scopul de a accesa neautorizat anumite site-uri.<\/p><p>Este foarte important ca utilizatorii sa\u0306 fie atent\u0327i i\u0302n alegerea metodei celei mai potrivite de protect\u0327ie a informat\u0327iilor personale.<\/p><p><b>Cum pot fi oprite cookie-urile?<\/b><\/p><p>Dezactivarea \u015fi refuzul de a primi cookie-uri pot face aceast\u0103 pagin\u0103 de internet dificil de vizitat, atr\u0103g\u00e2nd dup\u0103 sine limit\u0103ri ale posibilit\u0103\u0163ilor de utilizare ale acesteia.<\/p><p>Utilizatorii \u00ee\u015fi pot configura browser-ul s\u0103 resping\u0103 fi\u015fierele cookie sau accepte cookie-uri doar de la o pagin\u0103 de internet anume.<\/p><p>Toate browser-ele moderne ofer\u0103 posibilitatea de a schimba set\u0103rile cookie-urilor. Aceste set\u0103ri pot fi accesate, ca regul\u0103, \u00een sec\u0163iunea \u201eop\u0163iuni\u201d sau \u00een meniul de \u201epreferin\u0163e\u201d al browser-ului tau.<\/p><p>Totu\u015fi, refuzarea sau dezactivarea cookie-urilor nu \u00eenseamn\u0103 c\u0103 nu ve\u0163i mai primi publicitate online \u2013 ci doar c\u0103 aceasta nu va mai fi adaptat\u0103 preferin\u0163elor \u015fi intereselor dumneavoastr\u0103, eviden\u0163iate prin comportamentul de navigare.<\/p><p>Pentru a \u00een\u0163elege aceste set\u0103ri, urm\u0103toarele linkuri v\u0103 pot fi folositoare:<\/p><p>Set\u0103ri cookie \u00een Firefox:<\/p><p><a href=\"https:\/\/support.mozilla.org\/ro\/kb\/activarea-si-dezactivarea-cookie-urilor\" target=\"_blank\" rel=\"noopener\">https:\/\/support.mozilla.org\/ro\/kb\/activarea-si-dezactivarea-cookie-urilor<\/a><\/p><p>Set\u0103ri cookie \u00een Google Chrome:<\/p><p><a href=\"https:\/\/support.google.com\/chrome\/answer\/95647?co=GENIE.Platform%3DDesktop&amp;hl=en-GB\" target=\"_blank\" rel=\"noopener\">\u00a0https:\/\/support.google.com\/chrome\/answer\/95647?co=GENIE.Platform%3DDesktop&amp;hl=en-GB<\/a><\/p><p>Set\u0103ri cookie \u00een Safari<\/p><p><a href=\"https:\/\/support.apple.com\/ro-ro\/HT201265\" target=\"_blank\" rel=\"noopener\">https:\/\/support.apple.com\/ro-ro\/HT201265<\/a><\/p><p>Pentru orice \u00eentreb\u0103ri suplimentare cu privire la modul \u00een sunt utilizate cookie-urile prin intermediul acestei pagini de internet, v\u0103 rug\u0103m s\u0103 v\u0103 adresa\u021bi la: contact@elitemedicale.ro sau la num\u0103rul de telefon afi\u015fat pe site.<\/p><p>Aici pute\u0163i g\u0103si mai multe informa\u0163ii referitoare la cookie-uri:\u00a0<\/p>\t\t\t\t\t\t\t\t<\/div>\n\t\t\t\t<\/div>\n\t\t\t\t\t<\/div>\n\t\t\t\t<\/div>\n\t\t\t\t<\/div>\n\t\t\n    <div class=\"xs_social_share_widget xs_share_url after_content \t\tmain_content  wslu-style-1 wslu-share-box-shaped wslu-fill-colored wslu-none wslu-share-horizontal wslu-theme-font-no wslu-main_content\">\n\n\t\t\n        <ul>\n\t\t\t        <\/ul>\n    <\/div>","protected":false},"excerpt":{"rendered":"<p>Politica cookies Introducere Prezenta politic\u0103 privind fi\u015fierele cookies se aplic\u0103 tuturor utilizatorilor paginii de internet elitemedicale.ro. Informa\u0163iile prezentate \u00een continuare au ca scop informarea utilizatorilor acestei pagini de internet cu privire la plasarea, utilizarea \u015fi administrarea cookie-urilor de c\u0103tre Transilvania Multimedia SRL \u00een contextul navig\u0103rii utilizatorilor pe aceast\u0103 pagin\u0103 de internet. Ce sunt cookie-urile? Folosim [&hellip;]<\/p>\n","protected":false},"author":1,"featured_media":0,"parent":0,"menu_order":0,"comment_status":"closed","ping_status":"closed","template":"","meta":{"postBodyCss":"","postBodyMargin":[],"postBodyPadding":[],"postBodyBackground":{"backgroundType":"classic","gradient":""},"footnotes":""},"class_list":["post-1078","page","type-page","status-publish","hentry"],"_links":{"self":[{"href":"https:\/\/elitemedicale.ro\/en\/wp-json\/wp\/v2\/pages\/1078","targetHints":{"allow":["GET"]}}],"collection":[{"href":"https:\/\/elitemedicale.ro\/en\/wp-json\/wp\/v2\/pages"}],"about":[{"href":"https:\/\/elitemedicale.ro\/en\/wp-json\/wp\/v2\/types\/page"}],"author":[{"embeddable":true,"href":"https:\/\/elitemedicale.ro\/en\/wp-json\/wp\/v2\/users\/1"}],"replies":[{"embeddable":true,"href":"https:\/\/elitemedicale.ro\/en\/wp-json\/wp\/v2\/comments?post=1078"}],"version-history":[{"count":21,"href":"https:\/\/elitemedicale.ro\/en\/wp-json\/wp\/v2\/pages\/1078\/revisions"}],"predecessor-version":[{"id":11326,"href":"https:\/\/elitemedicale.ro\/en\/wp-json\/wp\/v2\/pages\/1078\/revisions\/11326"}],"wp:attachment":[{"href":"https:\/\/elitemedicale.ro\/en\/wp-json\/wp\/v2\/media?parent=1078"}],"curies":[{"name":"wp","href":"https:\/\/api.w.org\/{rel}","templated":true}]}}